{"id":1998,"date":"2024-04-17T16:29:37","date_gmt":"2024-04-17T16:29:37","guid":{"rendered":"https:\/\/korzotata.hu\/?page_id=1998"},"modified":"2024-04-17T16:30:25","modified_gmt":"2024-04-17T16:30:25","slug":"szezonalis","status":"publish","type":"page","link":"https:\/\/korzotata.hu\/de\/szezonalis\/","title":{"rendered":"szezon\u00e1lis"},"content":{"rendered":"<div data-elementor-type=\"wp-page\" data-elementor-id=\"1998\" class=\"elementor elementor-1998\" data-elementor-post-type=\"page\">\n\t\t\t\t\t\t<section class=\"elementor-section elementor-top-section elementor-element elementor-element-82ec184 elementor-section-boxed elementor-section-height-default elementor-section-height-default\" data-id=\"82ec184\" data-element_type=\"section\" data-e-type=\"section\">\n\t\t\t\t\t\t<div class=\"elementor-container elementor-column-gap-default\">\n\t\t\t\t\t<div class=\"elementor-column elementor-col-100 elementor-top-column elementor-element elementor-element-1f9e932\" data-id=\"1f9e932\" data-element_type=\"column\" data-e-type=\"column\">\n\t\t\t<div class=\"elementor-widget-wrap elementor-element-populated\">\n\t\t\t\t\t\t<div class=\"elementor-element elementor-element-2a0e07b elementor-widget__width-initial elementor-widget-divider--view-line elementor-invisible elementor-widget elementor-widget-divider\" data-id=\"2a0e07b\" data-element_type=\"widget\" data-e-type=\"widget\" data-settings=\"{&quot;_animation&quot;:&quot;fadeIn&quot;,&quot;_animation_delay&quot;:200}\" data-widget_type=\"divider.default\">\n\t\t\t\t<div class=\"elementor-widget-container\">\n\t\t\t\t\t\t\t<div class=\"elementor-divider\">\n\t\t\t<span class=\"elementor-divider-separator\">\n\t\t\t\t\t\t<\/span>\n\t\t<\/div>\n\t\t\t\t\t\t<\/div>\n\t\t\t\t<\/div>\n\t\t\t\t<div class=\"elementor-element elementor-element-9201954 elementor-invisible elementor-widget elementor-widget-heading\" data-id=\"9201954\" data-element_type=\"widget\" data-e-type=\"widget\" data-settings=\"{&quot;_animation&quot;:&quot;fadeIn&quot;,&quot;_animation_delay&quot;:100}\" data-widget_type=\"heading.default\">\n\t\t\t\t<div class=\"elementor-widget-container\">\n\t\t\t\t\t<h4 class=\"elementor-heading-title elementor-size-default\">SAISONANGEBOTE<\/h4>\t\t\t\t<\/div>\n\t\t\t\t<\/div>\n\t\t\t\t<section class=\"elementor-section elementor-inner-section elementor-element elementor-element-30e8dd1 elementor-section-boxed elementor-section-height-default elementor-section-height-default\" data-id=\"30e8dd1\" data-element_type=\"section\" data-e-type=\"section\">\n\t\t\t\t\t\t<div class=\"elementor-container elementor-column-gap-default\">\n\t\t\t\t\t<div class=\"elementor-column elementor-col-50 elementor-inner-column elementor-element elementor-element-45acc3c\" data-id=\"45acc3c\" data-element_type=\"column\" data-e-type=\"column\">\n\t\t\t<div class=\"elementor-widget-wrap elementor-element-populated\">\n\t\t\t\t\t\t<div class=\"elementor-element elementor-element-69d66e3 elementor-invisible elementor-widget elementor-widget-image\" data-id=\"69d66e3\" data-element_type=\"widget\" data-e-type=\"widget\" data-settings=\"{&quot;_animation&quot;:&quot;fadeInUp&quot;,&quot;_animation_delay&quot;:100}\" data-widget_type=\"image.default\">\n\t\t\t\t<div class=\"elementor-widget-container\">\n\t\t\t\t\t\t\t\t\t\t\t\t\t\t\t<img fetchpriority=\"high\" decoding=\"async\" width=\"750\" height=\"1000\" src=\"https:\/\/korzotata.hu\/wp-content\/uploads\/2023\/11\/kep-081.jpg\" class=\"attachment-full size-full wp-image-1908\" alt=\"\" srcset=\"https:\/\/korzotata.hu\/wp-content\/uploads\/2023\/11\/kep-081.jpg 750w, https:\/\/korzotata.hu\/wp-content\/uploads\/2023\/11\/kep-081-768x1024.jpg 768w\" sizes=\"(max-width: 750px) 100vw, 750px\" \/>\t\t\t\t\t\t\t\t\t\t\t\t\t\t\t<\/div>\n\t\t\t\t<\/div>\n\t\t\t\t<div class=\"elementor-element elementor-element-69a5928 elementor-widget__width-initial elementor-absolute elementor-widget-tablet__width-initial elementor-hidden-phone elementor-invisible elementor-widget elementor-widget-image\" data-id=\"69a5928\" data-element_type=\"widget\" data-e-type=\"widget\" data-settings=\"{&quot;_position&quot;:&quot;absolute&quot;,&quot;_animation&quot;:&quot;fadeInUp&quot;,&quot;_animation_delay&quot;:300}\" data-widget_type=\"image.default\">\n\t\t\t\t<div class=\"elementor-widget-container\">\n\t\t\t\t\t\t\t\t\t\t\t\t\t\t\t<img decoding=\"async\" width=\"750\" height=\"1000\" src=\"https:\/\/korzotata.hu\/wp-content\/uploads\/2023\/11\/kep-164.jpg\" class=\"attachment-full size-full wp-image-1909\" alt=\"\" srcset=\"https:\/\/korzotata.hu\/wp-content\/uploads\/2023\/11\/kep-164.jpg 750w, https:\/\/korzotata.hu\/wp-content\/uploads\/2023\/11\/kep-164-768x1024.jpg 768w\" sizes=\"(max-width: 750px) 100vw, 750px\" \/>\t\t\t\t\t\t\t\t\t\t\t\t\t\t\t<\/div>\n\t\t\t\t<\/div>\n\t\t\t\t\t<\/div>\n\t\t<\/div>\n\t\t\t\t<div class=\"elementor-column elementor-col-50 elementor-inner-column elementor-element elementor-element-c6e3098\" data-id=\"c6e3098\" data-element_type=\"column\" data-e-type=\"column\">\n\t\t\t<div class=\"elementor-widget-wrap elementor-element-populated\">\n\t\t\t\t\t\t<div class=\"elementor-element elementor-element-d618d4f elementor-widget elementor-widget-heading\" data-id=\"d618d4f\" data-element_type=\"widget\" data-e-type=\"widget\" data-widget_type=\"heading.default\">\n\t\t\t\t<div class=\"elementor-widget-container\">\n\t\t\t\t\t<h5 class=\"elementor-heading-title elementor-size-default\">Willkommen im warmen Schutz der kalten Tage! Kommen Sie zu uns und w\u00e4rmen Sie sich mit unseren saisonalen K\u00f6stlichkeiten auf! Wir bieten den Klassiker <b>hei\u00dfe Schokolade<\/b> Daneben finden Sie dasjenige, das die Herbststimmung hervorruft <b>K\u00fcrbislatte<\/b> und peppen intime Abende auf <b>Gl\u00fchwein<\/b>. <br>Vergessen Sie nicht, es frisch gebacken zu probieren, <b>unser hausgemachter Zwieback<\/b> zu! <br><br>Wir freuen uns darauf, gemeinsam die Winteraromen und die W\u00e4rme zu genie\u00dfen!<\/h5>\t\t\t\t<\/div>\n\t\t\t\t<\/div>\n\t\t\t\t<div class=\"elementor-element elementor-element-876eaf2 elementor-widget elementor-widget-image\" data-id=\"876eaf2\" data-element_type=\"widget\" data-e-type=\"widget\" data-widget_type=\"image.default\">\n\t\t\t\t<div class=\"elementor-widget-container\">\n\t\t\t\t\t\t\t\t\t\t\t\t\t\t\t<img decoding=\"async\" width=\"800\" height=\"800\" src=\"https:\/\/korzotata.hu\/wp-content\/uploads\/2023\/11\/kep-247-1024x1024.jpg\" class=\"attachment-large size-large wp-image-1911\" alt=\"\" srcset=\"https:\/\/korzotata.hu\/wp-content\/uploads\/2023\/11\/kep-247-1024x1024.jpg 1024w, https:\/\/korzotata.hu\/wp-content\/uploads\/2023\/11\/kep-247-300x300.jpg 300w, https:\/\/korzotata.hu\/wp-content\/uploads\/2023\/11\/kep-247-150x150.jpg 150w, https:\/\/korzotata.hu\/wp-content\/uploads\/2023\/11\/kep-247-1536x1536.jpg 1536w, https:\/\/korzotata.hu\/wp-content\/uploads\/2023\/11\/kep-247-2048x2048.jpg 2048w, https:\/\/korzotata.hu\/wp-content\/uploads\/2023\/11\/kep-247-20x20.jpg 20w\" sizes=\"(max-width: 800px) 100vw, 800px\" \/>\t\t\t\t\t\t\t\t\t\t\t\t\t\t\t<\/div>\n\t\t\t\t<\/div>\n\t\t\t\t\t<\/div>\n\t\t<\/div>\n\t\t\t\t\t<\/div>\n\t\t<\/section>\n\t\t\t\t\t<\/div>\n\t\t<\/div>\n\t\t\t\t\t<\/div>\n\t\t<\/section>\n\t\t\t\t<\/div>","protected":false},"excerpt":{"rendered":"<p>SZEZON\u00c1LIS AJ\u00c1NLATOK \u00dcdv\u00f6zl\u00fcnk a hideg napok meleg mened\u00e9k\u00e9ben! Gyere be hozz\u00e1nk, \u00e9s melegedj fel szezon\u00e1lis finoms\u00e1gainkkal! K\u00edn\u00e1latunkban a klasszikus forr\u00f3csoki mellett megtal\u00e1lod az \u0151szi hangulatot id\u00e9z\u0151 s\u00fct\u0151t\u00f6k\u00f6s latt\u00e9t \u00e9s a meghitt est\u00e9ket f\u0171szerez\u0151 forralt bort. Ne felejtsd el megk\u00f3stolni frissen s\u00fct\u00f6tt, h\u00e1zi r\u00e9teseinket is! V\u00e1runk szeretettel, hogy egy\u00fctt \u00e9lvezz\u00fck a t\u00e9li \u00edzeket \u00e9s a melegs\u00e9get!<\/p>","protected":false},"author":2,"featured_media":0,"parent":0,"menu_order":0,"comment_status":"closed","ping_status":"closed","template":"","meta":{"footnotes":""},"class_list":["post-1998","page","type-page","status-publish","hentry"],"yoast_head":"<!-- This site is optimized with the Yoast SEO Premium plugin v27.1 (Yoast SEO v27.2) - https:\/\/yoast.com\/product\/yoast-seo-premium-wordpress\/ -->\n<title>szezon\u00e1lis - Korz\u00f3 - Tata<\/title>\n<meta name=\"robots\" content=\"index, follow, max-snippet:-1, max-image-preview:large, max-video-preview:-1\" \/>\n<link rel=\"canonical\" href=\"https:\/\/korzotata.hu\/de\/szezonalis\/\" \/>\n<meta property=\"og:locale\" content=\"de_DE\" \/>\n<meta property=\"og:type\" content=\"article\" \/>\n<meta property=\"og:title\" content=\"szezon\u00e1lis\" \/>\n<meta property=\"og:description\" content=\"SZEZON\u00c1LIS AJ\u00c1NLATOK \u00dcdv\u00f6zl\u00fcnk a hideg napok meleg mened\u00e9k\u00e9ben! Gyere be hozz\u00e1nk, \u00e9s melegedj fel szezon\u00e1lis finoms\u00e1gainkkal! K\u00edn\u00e1latunkban a klasszikus forr\u00f3csoki mellett megtal\u00e1lod az \u0151szi hangulatot id\u00e9z\u0151 s\u00fct\u0151t\u00f6k\u00f6s latt\u00e9t \u00e9s a meghitt est\u00e9ket f\u0171szerez\u0151 forralt bort. Ne felejtsd el megk\u00f3stolni frissen s\u00fct\u00f6tt, h\u00e1zi r\u00e9teseinket is! V\u00e1runk szeretettel, hogy egy\u00fctt \u00e9lvezz\u00fck a t\u00e9li \u00edzeket \u00e9s a melegs\u00e9get!\" \/>\n<meta property=\"og:url\" content=\"https:\/\/korzotata.hu\/de\/szezonalis\/\" \/>\n<meta property=\"og:site_name\" content=\"Korz\u00f3 - Tata\" \/>\n<meta property=\"article:publisher\" content=\"https:\/\/www.facebook.com\/KorzoTata\" \/>\n<meta property=\"article:modified_time\" content=\"2024-04-17T16:30:25+00:00\" \/>\n<meta property=\"og:image\" content=\"https:\/\/korzotata.hu\/wp-content\/uploads\/2023\/11\/kep-081.jpg\" \/>\n<meta name=\"twitter:card\" content=\"summary_large_image\" \/>\n<meta name=\"twitter:label1\" content=\"Gesch\u00e4tzte Lesezeit\" \/>\n\t<meta name=\"twitter:data1\" content=\"1\u00a0Minute\" \/>\n<script type=\"application\/ld+json\" class=\"yoast-schema-graph\">{\"@context\":\"https:\/\/schema.org\",\"@graph\":[{\"@type\":\"WebPage\",\"@id\":\"https:\/\/korzotata.hu\/szezonalis\/\",\"url\":\"https:\/\/korzotata.hu\/szezonalis\/\",\"name\":\"szezon\u00e1lis - Korz\u00f3 - Tata\",\"isPartOf\":{\"@id\":\"https:\/\/korzotata.hu\/#website\"},\"primaryImageOfPage\":{\"@id\":\"https:\/\/korzotata.hu\/szezonalis\/#primaryimage\"},\"image\":{\"@id\":\"https:\/\/korzotata.hu\/szezonalis\/#primaryimage\"},\"thumbnailUrl\":\"https:\/\/korzotata.hu\/wp-content\/uploads\/2023\/11\/kep-081.jpg\",\"datePublished\":\"2024-04-17T16:29:37+00:00\",\"dateModified\":\"2024-04-17T16:30:25+00:00\",\"breadcrumb\":{\"@id\":\"https:\/\/korzotata.hu\/szezonalis\/#breadcrumb\"},\"inLanguage\":\"de\",\"potentialAction\":[{\"@type\":\"ReadAction\",\"target\":[\"https:\/\/korzotata.hu\/szezonalis\/\"]}]},{\"@type\":\"ImageObject\",\"inLanguage\":\"de\",\"@id\":\"https:\/\/korzotata.hu\/szezonalis\/#primaryimage\",\"url\":\"https:\/\/korzotata.hu\/wp-content\/uploads\/2023\/11\/kep-081.jpg\",\"contentUrl\":\"https:\/\/korzotata.hu\/wp-content\/uploads\/2023\/11\/kep-081.jpg\"},{\"@type\":\"BreadcrumbList\",\"@id\":\"https:\/\/korzotata.hu\/szezonalis\/#breadcrumb\",\"itemListElement\":[{\"@type\":\"ListItem\",\"position\":1,\"name\":\"Kezd\u0151lap\",\"item\":\"https:\/\/korzotata.hu\/\"},{\"@type\":\"ListItem\",\"position\":2,\"name\":\"szezon\u00e1lis\"}]},{\"@type\":\"WebSite\",\"@id\":\"https:\/\/korzotata.hu\/#website\",\"url\":\"https:\/\/korzotata.hu\/\",\"name\":\"Korz\u00f3 Tata\",\"description\":\"\",\"publisher\":{\"@id\":\"https:\/\/korzotata.hu\/#organization\"},\"potentialAction\":[{\"@type\":\"SearchAction\",\"target\":{\"@type\":\"EntryPoint\",\"urlTemplate\":\"https:\/\/korzotata.hu\/?s={search_term_string}\"},\"query-input\":{\"@type\":\"PropertyValueSpecification\",\"valueRequired\":true,\"valueName\":\"search_term_string\"}}],\"inLanguage\":\"de\"},{\"@type\":\"Organization\",\"@id\":\"https:\/\/korzotata.hu\/#organization\",\"name\":\"PLAT\u00c1N K\u00c1V\u00c9H\u00c1Z Kft.\",\"url\":\"https:\/\/korzotata.hu\/\",\"logo\":{\"@type\":\"ImageObject\",\"inLanguage\":\"de\",\"@id\":\"https:\/\/korzotata.hu\/#\/schema\/logo\/image\/\",\"url\":\"https:\/\/korzotata.hu\/wp-content\/uploads\/2018\/07\/cropped-logo2.png\",\"contentUrl\":\"https:\/\/korzotata.hu\/wp-content\/uploads\/2018\/07\/cropped-logo2.png\",\"width\":363,\"height\":110,\"caption\":\"PLAT\u00c1N K\u00c1V\u00c9H\u00c1Z Kft.\"},\"image\":{\"@id\":\"https:\/\/korzotata.hu\/#\/schema\/logo\/image\/\"},\"sameAs\":[\"https:\/\/www.facebook.com\/KorzoTata\",\"https:\/\/www.instagram.com\/korzotata\",\"https:\/\/www.tiktok.com\/@korzotata\"]}]}<\/script>\n<!-- \/ Yoast SEO Premium plugin. -->","yoast_head_json":{"title":"szezon\u00e1lis - Korz\u00f3 - Tata","robots":{"index":"index","follow":"follow","max-snippet":"max-snippet:-1","max-image-preview":"max-image-preview:large","max-video-preview":"max-video-preview:-1"},"canonical":"https:\/\/korzotata.hu\/de\/szezonalis\/","og_locale":"de_DE","og_type":"article","og_title":"szezon\u00e1lis","og_description":"SZEZON\u00c1LIS AJ\u00c1NLATOK \u00dcdv\u00f6zl\u00fcnk a hideg napok meleg mened\u00e9k\u00e9ben! Gyere be hozz\u00e1nk, \u00e9s melegedj fel szezon\u00e1lis finoms\u00e1gainkkal! K\u00edn\u00e1latunkban a klasszikus forr\u00f3csoki mellett megtal\u00e1lod az \u0151szi hangulatot id\u00e9z\u0151 s\u00fct\u0151t\u00f6k\u00f6s latt\u00e9t \u00e9s a meghitt est\u00e9ket f\u0171szerez\u0151 forralt bort. Ne felejtsd el megk\u00f3stolni frissen s\u00fct\u00f6tt, h\u00e1zi r\u00e9teseinket is! V\u00e1runk szeretettel, hogy egy\u00fctt \u00e9lvezz\u00fck a t\u00e9li \u00edzeket \u00e9s a melegs\u00e9get!","og_url":"https:\/\/korzotata.hu\/de\/szezonalis\/","og_site_name":"Korz\u00f3 - Tata","article_publisher":"https:\/\/www.facebook.com\/KorzoTata","article_modified_time":"2024-04-17T16:30:25+00:00","og_image":[{"url":"https:\/\/korzotata.hu\/wp-content\/uploads\/2023\/11\/kep-081.jpg","type":"","width":"","height":""}],"twitter_card":"summary_large_image","twitter_misc":{"Gesch\u00e4tzte Lesezeit":"1\u00a0Minute"},"schema":{"@context":"https:\/\/schema.org","@graph":[{"@type":"WebPage","@id":"https:\/\/korzotata.hu\/szezonalis\/","url":"https:\/\/korzotata.hu\/szezonalis\/","name":"szezon\u00e1lis - Korz\u00f3 - Tata","isPartOf":{"@id":"https:\/\/korzotata.hu\/#website"},"primaryImageOfPage":{"@id":"https:\/\/korzotata.hu\/szezonalis\/#primaryimage"},"image":{"@id":"https:\/\/korzotata.hu\/szezonalis\/#primaryimage"},"thumbnailUrl":"https:\/\/korzotata.hu\/wp-content\/uploads\/2023\/11\/kep-081.jpg","datePublished":"2024-04-17T16:29:37+00:00","dateModified":"2024-04-17T16:30:25+00:00","breadcrumb":{"@id":"https:\/\/korzotata.hu\/szezonalis\/#breadcrumb"},"inLanguage":"de","potentialAction":[{"@type":"ReadAction","target":["https:\/\/korzotata.hu\/szezonalis\/"]}]},{"@type":"ImageObject","inLanguage":"de","@id":"https:\/\/korzotata.hu\/szezonalis\/#primaryimage","url":"https:\/\/korzotata.hu\/wp-content\/uploads\/2023\/11\/kep-081.jpg","contentUrl":"https:\/\/korzotata.hu\/wp-content\/uploads\/2023\/11\/kep-081.jpg"},{"@type":"BreadcrumbList","@id":"https:\/\/korzotata.hu\/szezonalis\/#breadcrumb","itemListElement":[{"@type":"ListItem","position":1,"name":"Kezd\u0151lap","item":"https:\/\/korzotata.hu\/"},{"@type":"ListItem","position":2,"name":"szezon\u00e1lis"}]},{"@type":"WebSite","@id":"https:\/\/korzotata.hu\/#website","url":"https:\/\/korzotata.hu\/","name":"Korz\u00f3 Tata","description":"","publisher":{"@id":"https:\/\/korzotata.hu\/#organization"},"potentialAction":[{"@type":"SearchAction","target":{"@type":"EntryPoint","urlTemplate":"https:\/\/korzotata.hu\/?s={search_term_string}"},"query-input":{"@type":"PropertyValueSpecification","valueRequired":true,"valueName":"search_term_string"}}],"inLanguage":"de"},{"@type":"Organization","@id":"https:\/\/korzotata.hu\/#organization","name":"PLAT\u00c1N K\u00c1V\u00c9H\u00c1Z Kft.","url":"https:\/\/korzotata.hu\/","logo":{"@type":"ImageObject","inLanguage":"de","@id":"https:\/\/korzotata.hu\/#\/schema\/logo\/image\/","url":"https:\/\/korzotata.hu\/wp-content\/uploads\/2018\/07\/cropped-logo2.png","contentUrl":"https:\/\/korzotata.hu\/wp-content\/uploads\/2018\/07\/cropped-logo2.png","width":363,"height":110,"caption":"PLAT\u00c1N K\u00c1V\u00c9H\u00c1Z Kft."},"image":{"@id":"https:\/\/korzotata.hu\/#\/schema\/logo\/image\/"},"sameAs":["https:\/\/www.facebook.com\/KorzoTata","https:\/\/www.instagram.com\/korzotata","https:\/\/www.tiktok.com\/@korzotata"]}]}},"_links":{"self":[{"href":"https:\/\/korzotata.hu\/de\/wp-json\/wp\/v2\/pages\/1998","targetHints":{"allow":["GET"]}}],"collection":[{"href":"https:\/\/korzotata.hu\/de\/wp-json\/wp\/v2\/pages"}],"about":[{"href":"https:\/\/korzotata.hu\/de\/wp-json\/wp\/v2\/types\/page"}],"author":[{"embeddable":true,"href":"https:\/\/korzotata.hu\/de\/wp-json\/wp\/v2\/users\/2"}],"replies":[{"embeddable":true,"href":"https:\/\/korzotata.hu\/de\/wp-json\/wp\/v2\/comments?post=1998"}],"version-history":[{"count":0,"href":"https:\/\/korzotata.hu\/de\/wp-json\/wp\/v2\/pages\/1998\/revisions"}],"wp:attachment":[{"href":"https:\/\/korzotata.hu\/de\/wp-json\/wp\/v2\/media?parent=1998"}],"curies":[{"name":"wp","href":"https:\/\/api.w.org\/{rel}","templated":true}]}}